{"id":48,"date":"2020-01-10T08:29:06","date_gmt":"2020-01-10T08:29:06","guid":{"rendered":"https:\/\/ifit.ch\/?page_id=48"},"modified":"2024-02-10T15:57:46","modified_gmt":"2024-02-10T15:57:46","slug":"willkommen","status":"publish","type":"page","link":"https:\/\/ifit.ch\/?page_id=48","title":{"rendered":"Willkommen"},"content":{"rendered":"\n<p>Willkommen bei iFIT Schweiz. Seit der Corona-Pandemie sind mehrere Systeme ausgefallen. Da wir die gesamte Infrastruktur konsolidieren werden, sind einige Informationen nicht mehr verf\u00fcgbar. Wir w\u00fcnschen Ihnen alles Gute und bleiben Sie gesund!<\/p>\n\n\n\n<p>PS: Diese Website ist mit <a rel=\"noreferrer noopener\" href=\"https:\/\/de.wikipedia.org\/wiki\/HTTP_Strict_Transport_Security\" target=\"_blank\">HSTS<\/a> und <a rel=\"noreferrer noopener\" aria-label=\"HTTPS (\u00f6ffnet in einem neuem Tab)\" href=\"https:\/\/de.wikipedia.org\/wiki\/Hypertext_Transfer_Protocol_Secure\" target=\"_blank\">HTTPS<\/a> gesichert.<\/p>\n\n\n\n<p class=\"has-text-align-center\"><a href=\"https:\/\/vds-ev.de\/allgemein\/aufrufe\/rettet-die-deutsche-sprache-vor-dem-duden\/\" target=\"_blank\" rel=\"noreferrer noopener\"><strong>Rettet die deutsche Sprache vor dem Duden!<\/strong><\/a><a rel=\"noreferrer noopener\" href=\"https:\/\/vds-ev.de\/allgemein\/aufrufe\/rettet-die-deutsche-sprache-vor-dem-duden\/\" target=\"_blank\"><br><\/a><a href=\"https:\/\/www.youtube.com\/watch?v=YYqw510BqTY\" target=\"_blank\" rel=\"noreferrer noopener\"><strong>Unsere Sprache | Punktgenau.<\/strong><\/a><\/p>\n\n\n\n<p class=\"has-text-align-center\"><strong>Kardinal M\u00fcller:<\/strong>&nbsp;Die Gendersprache ist kein wissenschaftliches Kriterium, sondern ein Herrschaftsinstrument der Mediokren, geistig Minderbemittelten und autorit\u00e4ren F\u00fchrer mit Blockwartmentalit\u00e4t. Die gro\u00dfe Mehrheit der Deutschen [Anm. d. Redaktion: und auch aller deutschsprachigen Menschen] lehnt den Missbrauch ihrer Sprache zur geistigen Terrorisierung der Menschen rundweg ab.<br>Zitat aus <a rel=\"noreferrer noopener\" href=\"https:\/\/kath.net\/\" target=\"_blank\">kath.net<\/a>: M\u00fcller: <a rel=\"noreferrer noopener\" href=\"https:\/\/kath.net\/news\/75550\" target=\"_blank\">Kein Mensch darf \u201e\u00fcber Leben und Freiheit des Gewissens und Glaubens anderer entscheiden\u201c<\/a><\/p>\n\n\n\n<p><a href=\"mailto:web@ifit.ch\" target=\"_blank\" rel=\"noreferrer noopener\">Webmaster<\/a> (Click to send an eMail)<br>\u00a9 Copyright 2003-2024 by <a href=\"https:\/\/ifit.ch\/\" target=\"_blank\" rel=\"noreferrer noopener\">iFIT<\/a>.<\/p>\n","protected":false},"excerpt":{"rendered":"<p>Willkommen bei iFIT Schweiz. Seit der Corona-Pandemie sind mehrere Systeme ausgefallen. Da wir die gesamte Infrastruktur konsolidieren werden, sind einige Informationen nicht mehr verf\u00fcgbar. Wir w\u00fcnschen Ihnen alles Gute und bleiben Sie gesund! PS: Diese Website ist mit HSTS und HTTPS gesichert. Rettet die deutsche Sprache vor dem Duden!Unsere Sprache | Punktgenau. Kardinal M\u00fcller:&nbsp;Die Gendersprache [&hellip;]<\/p>\n","protected":false},"author":1,"featured_media":51,"parent":0,"menu_order":0,"comment_status":"closed","ping_status":"closed","template":"","meta":{"footnotes":""},"class_list":["post-48","page","type-page","status-publish","has-post-thumbnail","hentry"],"_links":{"self":[{"href":"https:\/\/ifit.ch\/index.php?rest_route=\/wp\/v2\/pages\/48","targetHints":{"allow":["GET"]}}],"collection":[{"href":"https:\/\/ifit.ch\/index.php?rest_route=\/wp\/v2\/pages"}],"about":[{"href":"https:\/\/ifit.ch\/index.php?rest_route=\/wp\/v2\/types\/page"}],"author":[{"embeddable":true,"href":"https:\/\/ifit.ch\/index.php?rest_route=\/wp\/v2\/users\/1"}],"replies":[{"embeddable":true,"href":"https:\/\/ifit.ch\/index.php?rest_route=%2Fwp%2Fv2%2Fcomments&post=48"}],"version-history":[{"count":10,"href":"https:\/\/ifit.ch\/index.php?rest_route=\/wp\/v2\/pages\/48\/revisions"}],"predecessor-version":[{"id":10077,"href":"https:\/\/ifit.ch\/index.php?rest_route=\/wp\/v2\/pages\/48\/revisions\/10077"}],"wp:featuredmedia":[{"embeddable":true,"href":"https:\/\/ifit.ch\/index.php?rest_route=\/wp\/v2\/media\/51"}],"wp:attachment":[{"href":"https:\/\/ifit.ch\/index.php?rest_route=%2Fwp%2Fv2%2Fmedia&parent=48"}],"curies":[{"name":"wp","href":"https:\/\/api.w.org\/{rel}","templated":true}]}}